{"id":22,"date":"2014-05-02T16:08:56","date_gmt":"2014-05-02T15:08:56","guid":{"rendered":"http:\/\/marekbogac.net\/?page_id=22"},"modified":"2026-04-30T09:19:52","modified_gmt":"2026-04-30T08:19:52","slug":"kontakt","status":"publish","type":"page","link":"https:\/\/marekbogac.net\/?page_id=22","title":{"rendered":"KONTAKT"},"content":{"rendered":"<p>I\u010c: 03074579&nbsp;&nbsp;&nbsp;&nbsp;&nbsp;&nbsp;&nbsp; <span style=\"color: #000000;\"><a href=\"http:\/\/www.firmy.cz\/detail\/12900749-bc-marek-bogac-krnov-pod-bezrucovym-vrchem.html\" target=\"_blank\" rel=\"noopener\"><span style=\"color: #000000;\">KDE M\u011a NAJDETE?<\/span><\/a>&nbsp; &nbsp; <\/span><\/p>\n<p><span style=\"color: #000000;\">SLEDUJTE M\u011a:<b><div class=\"sfsi_widget sfsi_shortcode_container\"><div class=\"norm_row sfsi_wDiv \"  style=\"width:225px;text-align:left;\"><div style='width:40px; height:40px;margin-left:5px;margin-bottom:5px; ' class='sfsi_wicons shuffeldiv ' ><div class='inerCnt'><a class=' sficn' data-effect='fade_in' target='_blank' rel='noopener'  href='https:\/\/www.facebook.com\/search\/top?q=fotograf%20marek%20bog%C3%A1%C4%8D' id='sfsiid_facebook_icon' style='width:40px;height:40px;opacity:0.6;'  ><img data-pin-nopin='true' alt='Facebook' title='Facebook' src='https:\/\/marekbogac.net\/wp-content\/plugins\/ultimate-social-media-icons\/images\/icons_theme\/black\/black_facebook.png' width='40' height='40' style='' class='sfcm sfsi_wicon ' data-effect='fade_in'   \/><\/a><\/div><\/div><div style='width:40px; height:40px;margin-left:5px;margin-bottom:5px; ' class='sfsi_wicons shuffeldiv ' ><div class='inerCnt'><a class=' sficn' data-effect='fade_in' target='_blank' rel='noopener'  href='https:\/\/www.instagram.com\/fotograf_marek_bogac\/' id='sfsiid_instagram_icon' style='width:40px;height:40px;opacity:0.6;'  ><img data-pin-nopin='true' alt='Instagram' title='Instagram' src='https:\/\/marekbogac.net\/wp-content\/plugins\/ultimate-social-media-icons\/images\/icons_theme\/black\/black_instagram.png' width='40' height='40' style='' class='sfcm sfsi_wicon ' data-effect='fade_in'   \/><\/a><\/div><\/div><\/div ><div id=\"sfsi_holder\" class=\"sfsi_holders\" style=\"position: relative; float: left;width:100%;z-index:-1;\"><\/div ><script>window.addEventListener(\"sfsi_functions_loaded\", function()\n\t\t\t{\n\t\t\t\tif (typeof sfsi_widget_set == \"function\") {\n\t\t\t\t\tsfsi_widget_set();\n\t\t\t\t}\n\t\t\t}); <\/script><div style=\"clear: both;\"><\/div><\/div><\/b><\/span><\/p>\n<p>&nbsp;<\/p>\n<p>&nbsp;<\/p>\n<p><span style=\"font-size: medium;\">Pro bli\u017e\u0161\u00ed informace k nab\u00edzen\u00fdm slu\u017eb\u00e1m pros\u00edm vypl\u0148te kontaktn\u00ed formul\u00e1\u0159 n\u00ed\u017ee. Cen\u00edky za slu\u017eby najdete vpravo naho\u0159e v MENU&nbsp; &#8230; Nejsem pl\u00e1tcem DPH.<\/span><\/p>\n<hr>\n\n<div class=\"wpcf7 no-js\" id=\"wpcf7-f7307-o1\" lang=\"cs-CZ\" dir=\"ltr\">\n<div class=\"screen-reader-response\"><p role=\"status\" aria-live=\"polite\" aria-atomic=\"true\"><\/p> <ul><\/ul><\/div>\n<form action=\"\/index.php?rest_route=%2Fwp%2Fv2%2Fpages%2F22#wpcf7-f7307-o1\" method=\"post\" class=\"wpcf7-form init\" aria-label=\"Kontaktn\u00ed formul\u00e1\u0159\" novalidate=\"novalidate\" data-status=\"init\">\n<div style=\"display: none;\">\n<input type=\"hidden\" name=\"_wpcf7\" value=\"7307\" \/>\n<input type=\"hidden\" name=\"_wpcf7_version\" value=\"5.7.4\" \/>\n<input type=\"hidden\" name=\"_wpcf7_locale\" value=\"cs_CZ\" \/>\n<input type=\"hidden\" name=\"_wpcf7_unit_tag\" value=\"wpcf7-f7307-o1\" \/>\n<input type=\"hidden\" name=\"_wpcf7_container_post\" value=\"0\" \/>\n<input type=\"hidden\" name=\"_wpcf7_posted_data_hash\" value=\"\" \/>\n<\/div>\n<p><label> Va\u0161e jm\u00e9no<br \/>\n<span class=\"wpcf7-form-control-wrap\" data-name=\"your-name\"><input size=\"40\" class=\"wpcf7-form-control wpcf7-text wpcf7-validates-as-required\" autocomplete=\"name\" aria-required=\"true\" aria-invalid=\"false\" value=\"\" type=\"text\" name=\"your-name\" \/><\/span> <\/label>\n<\/p>\n<p><label> V\u00e1\u0161 e-mail<br \/>\n<span class=\"wpcf7-form-control-wrap\" data-name=\"your-email\"><input size=\"40\" class=\"wpcf7-form-control wpcf7-text wpcf7-email wpcf7-validates-as-required wpcf7-validates-as-email\" autocomplete=\"email\" aria-required=\"true\" aria-invalid=\"false\" value=\"\" type=\"email\" name=\"your-email\" \/><\/span> <\/label>\n<\/p>\n<p><label> P\u0159edm\u011bt<br \/>\n<span class=\"wpcf7-form-control-wrap\" data-name=\"your-subject\"><input size=\"40\" class=\"wpcf7-form-control wpcf7-text wpcf7-validates-as-required\" aria-required=\"true\" aria-invalid=\"false\" value=\"\" type=\"text\" name=\"your-subject\" \/><\/span> <\/label>\n<\/p>\n<p><label> Va\u0161e zpr\u00e1va (voliteln\u00fd)<br \/>\n<span class=\"wpcf7-form-control-wrap\" data-name=\"your-message\"><textarea cols=\"40\" rows=\"10\" class=\"wpcf7-form-control wpcf7-textarea\" aria-invalid=\"false\" name=\"your-message\"><\/textarea><\/span> <\/label>\n<\/p>\n<p><input class=\"wpcf7-form-control has-spinner wpcf7-submit\" type=\"submit\" value=\"Odeslat\" \/>\n<\/p>\n<p>Tento formul\u00e1\u0159 vyu\u017e\u00edv\u00e1 Akismet pro omezen\u00ed spamu <a target=\"_blank\" rel=\"nofollow noopener\" href=\"https:\/\/akismet.com\/privacy\/\">Zjist\u011bte jak jsou zpracov\u00e1v\u00e1na va\u0161e data.<\/a>\n<\/p><p style=\"display: none !important;\" class=\"akismet-fields-container\" data-prefix=\"_wpcf7_ak_\"><label>&#916;<textarea name=\"_wpcf7_ak_hp_textarea\" cols=\"45\" rows=\"8\" maxlength=\"100\"><\/textarea><\/label><input type=\"hidden\" id=\"ak_js_1\" name=\"_wpcf7_ak_js\" value=\"210\"\/><script>document.getElementById( \"ak_js_1\" ).setAttribute( \"value\", ( new Date() ).getTime() );<\/script><\/p><div class=\"wpcf7-response-output\" aria-hidden=\"true\"><\/div>\n<\/form>\n<\/div>\n\n","protected":false},"excerpt":{"rendered":"<p>I\u010c: 03074579&nbsp;&nbsp;&nbsp;&nbsp;&nbsp;&nbsp;&nbsp; KDE M\u011a NAJDETE?&nbsp; &nbsp; SLEDUJTE M\u011a: &nbsp; &nbsp; Pro bli\u017e\u0161\u00ed informace k nab\u00edzen\u00fdm slu\u017eb\u00e1m pros\u00edm vypl\u0148te kontaktn\u00ed formul\u00e1\u0159 n\u00ed\u017ee. Cen\u00edky za slu\u017eby najdete vpravo naho\u0159e v MENU&nbsp; &#8230; Nejsem pl\u00e1tcem DPH.<\/p>\n","protected":false},"author":1,"featured_media":5773,"parent":0,"menu_order":0,"comment_status":"closed","ping_status":"closed","template":"page-split-layout.php","meta":{"ngg_post_thumbnail":0},"aioseo_notices":[],"_links":{"self":[{"href":"https:\/\/marekbogac.net\/index.php?rest_route=\/wp\/v2\/pages\/22"}],"collection":[{"href":"https:\/\/marekbogac.net\/index.php?rest_route=\/wp\/v2\/pages"}],"about":[{"href":"https:\/\/marekbogac.net\/index.php?rest_route=\/wp\/v2\/types\/page"}],"author":[{"embeddable":true,"href":"https:\/\/marekbogac.net\/index.php?rest_route=\/wp\/v2\/users\/1"}],"replies":[{"embeddable":true,"href":"https:\/\/marekbogac.net\/index.php?rest_route=%2Fwp%2Fv2%2Fcomments&post=22"}],"version-history":[{"count":31,"href":"https:\/\/marekbogac.net\/index.php?rest_route=\/wp\/v2\/pages\/22\/revisions"}],"predecessor-version":[{"id":7311,"href":"https:\/\/marekbogac.net\/index.php?rest_route=\/wp\/v2\/pages\/22\/revisions\/7311"}],"wp:featuredmedia":[{"embeddable":true,"href":"https:\/\/marekbogac.net\/index.php?rest_route=\/wp\/v2\/media\/5773"}],"wp:attachment":[{"href":"https:\/\/marekbogac.net\/index.php?rest_route=%2Fwp%2Fv2%2Fmedia&parent=22"}],"curies":[{"name":"wp","href":"https:\/\/api.w.org\/{rel}","templated":true}]}}