{"id":5377,"date":"2014-10-23T18:33:15","date_gmt":"2014-10-23T17:33:15","guid":{"rendered":"http:\/\/marekbogac.net\/?page_id=5377"},"modified":"2015-10-02T11:11:05","modified_gmt":"2015-10-02T10:11:05","slug":"cenik","status":"publish","type":"page","link":"https:\/\/marekbogac.net\/?page_id=5377","title":{"rendered":"CEN\u00cdK"},"content":{"rendered":"<p>CEN\u00cdK NAJDETE V PRAV\u00c9 HORN\u00cd \u010c\u00c1STI WEBU V MENU<\/p>\n","protected":false},"excerpt":{"rendered":"<p>CEN\u00cdK NAJDETE V PRAV\u00c9 HORN\u00cd \u010c\u00c1STI WEBU V MENU<\/p>\n","protected":false},"author":1,"featured_media":0,"parent":0,"menu_order":0,"comment_status":"closed","ping_status":"open","template":"","meta":{"ngg_post_thumbnail":0},"aioseo_notices":[],"_links":{"self":[{"href":"https:\/\/marekbogac.net\/index.php?rest_route=\/wp\/v2\/pages\/5377"}],"collection":[{"href":"https:\/\/marekbogac.net\/index.php?rest_route=\/wp\/v2\/pages"}],"about":[{"href":"https:\/\/marekbogac.net\/index.php?rest_route=\/wp\/v2\/types\/page"}],"author":[{"embeddable":true,"href":"https:\/\/marekbogac.net\/index.php?rest_route=\/wp\/v2\/users\/1"}],"replies":[{"embeddable":true,"href":"https:\/\/marekbogac.net\/index.php?rest_route=%2Fwp%2Fv2%2Fcomments&post=5377"}],"version-history":[{"count":2,"href":"https:\/\/marekbogac.net\/index.php?rest_route=\/wp\/v2\/pages\/5377\/revisions"}],"predecessor-version":[{"id":6295,"href":"https:\/\/marekbogac.net\/index.php?rest_route=\/wp\/v2\/pages\/5377\/revisions\/6295"}],"wp:attachment":[{"href":"https:\/\/marekbogac.net\/index.php?rest_route=%2Fwp%2Fv2%2Fmedia&parent=5377"}],"curies":[{"name":"wp","href":"https:\/\/api.w.org\/{rel}","templated":true}]}}