{"id":5382,"date":"2014-10-23T18:34:30","date_gmt":"2014-10-23T17:34:30","guid":{"rendered":"http:\/\/marekbogac.net\/?page_id=5382"},"modified":"2024-11-30T17:36:22","modified_gmt":"2024-11-30T16:36:22","slug":"portretni-fotografie","status":"publish","type":"page","link":"https:\/\/marekbogac.net\/?page_id=5382","title":{"rendered":"PORTR\u00c9TN\u00cd FOTOGRAFIE"},"content":{"rendered":"<p>Varianty ateli\u00e9rov\u00e9ho i exteri\u00e9rov\u00e9ho focen\u00ed. Ke 3 variant\u00e1m je mo\u017eno volit nav\u00edc dopl\u0148kov\u00e9 slu\u017eby.&nbsp; Podrobn\u00fd popis jak v\u0161e prob\u00edh\u00e1 najdete n\u00ed\u017ee&#8230;<\/p>\n<hr>\n<p style=\"text-align: center;\">CENOV\u00c1 NAB\u00cdDKA<\/p>\n<div id=\"rpt_pricr\" class=\"rpt_plans rpt_3_plans rpt_style_basic\"><div class=\" rpt_xsm_price\"><div class=\"rpt_plan  rpt_plugin_f rpt_plan_0  \"><div style=\"text-align:center;\" class=\"rpt_title rpt_title_0\">PORTR\u00c9T MINI<\/div><div class=\"rpt_head rpt_head_0\"><div class=\"rpt_price rpt_price_0\"><sup class=\"rpt_currency\">K\u010d<\/sup>2500<\/div><div class=\"rpt_description rpt_description_0\">z\u00e1kladn\u00ed bal\u00ed\u010dek - nen\u00ed z \u010dasov\u00fdch d\u016fvod\u016f p\u0159\u00edli\u0161 vhodn\u00fd pro focen\u00ed v\u011bt\u0161\u00edho po\u010dtu osob<\/div><\/div><div class=\"rpt_features rpt_features_0\"><div style=\"color:black;\" class=\"rpt_feature rpt_feature_0-0\">\u25aa  max. 30 minut focen\u00ed\r<\/div><div style=\"color:black;\" class=\"rpt_feature rpt_feature_0-1\">\u25aa  15 upraven\u00fdch fotografi\u00ed ve \u0161pi\u010dkov\u00e9 kvalit\u011b\r<\/div><div style=\"color:black;\" class=\"rpt_feature rpt_feature_0-2\">\u25aa  ka\u017ed\u00e1 dal\u0161\u00ed upraven\u00e1 fotografie nad r\u00e1mec bal\u00ed\u010dku: 80K\u010d\r<\/div><div style=\"color:black;\" class=\"rpt_feature rpt_feature_0-3\">\u25aa  ke sta\u017een\u00ed prost\u0159ednictv\u00edm Cloudov\u00e9 slu\u017eby\r<\/div><div style=\"color:black;\" class=\"rpt_feature rpt_feature_0-4\">\u25aa  webov\u00e1 galerie chr\u00e1n\u011bn\u00e1 heslem\r<\/div><div style=\"color:black;\" class=\"rpt_feature rpt_feature_0-5\">\u25aa  mo\u017enost vyvol\u00e1n\u00ed fotografi\u00ed (dopl\u0148kov\u00e9 slu\u017eby)<\/div><\/div><a target=\"_blank\" style=\"background:#9b9b9b\" class=\"rpt_foot rpt_foot_0\"><\/a><\/div><div class=\"rpt_plan  rpt_plugin_f rpt_plan_1 rpt_recommended_plan \"><div style=\"text-align:center;\" class=\"rpt_title rpt_title_1\">PORTR\u00c9T STANDARD<img style=\"height:30px !important; width:30px !important;\" class=\"rpt_recommended\" src=\"https:\/\/marekbogac.net\/wp-content\/plugins\/dk-pricr-responsive-pricing-table\/inc\/img\/rpt_recommended.png\"\/><\/div><div class=\"rpt_head rpt_head_1\"><div class=\"rpt_price rpt_price_1\"><sup class=\"rpt_currency\">K\u010d<\/sup>2900<\/div><div class=\"rpt_description rpt_description_1\">nej\u017e\u00e1dan\u011bj\u0161\u00ed bal\u00ed\u010dek portr\u00e9tn\u00edho focen\u00ed<\/div><\/div><div class=\"rpt_features rpt_features_1\"><div style=\"color:black;\" class=\"rpt_feature rpt_feature_1-0\">\u25aa  max. 1 hodina focen\u00ed\r<\/div><div style=\"color:black;\" class=\"rpt_feature rpt_feature_1-1\">\u25aa  20 upraven\u00fdch fotografi\u00ed ve \u0161pi\u010dkov\u00e9 kvalit\u011b\r<\/div><div style=\"color:black;\" class=\"rpt_feature rpt_feature_1-2\">\u25aa  ka\u017ed\u00e1 dal\u0161\u00ed upraven\u00e1 fotografie nad r\u00e1mec bal\u00ed\u010dku: 60K\u010d\r<\/div><div style=\"color:black;\" class=\"rpt_feature rpt_feature_1-3\">\u25aa  ke sta\u017een\u00ed prost\u0159ednictv\u00edm Cloudov\u00e9 slu\u017eby\r<\/div><div style=\"color:black;\" class=\"rpt_feature rpt_feature_1-4\">\u25aa  webov\u00e1 galerie chr\u00e1n\u011bn\u00e1 heslem\r<\/div><div style=\"color:black;\" class=\"rpt_feature rpt_feature_1-5\">\u25aa  mo\u017enost vyvol\u00e1n\u00ed fotografi\u00ed (dopl\u0148kov\u00e9 slu\u017eby)<\/div><\/div><a target=\"_blank\" style=\"background:#896117\" class=\"rpt_foot rpt_foot_1\"><\/a><\/div><div class=\"rpt_plan  rpt_plugin_f rpt_plan_2  \"><div style=\"text-align:center;\" class=\"rpt_title rpt_title_2\">PORTR\u00c9T MAXI<\/div><div class=\"rpt_head rpt_head_2\"><div class=\"rpt_price rpt_price_2\"><sup class=\"rpt_currency\">K\u010d<\/sup>3800<\/div><div class=\"rpt_description rpt_description_2\">nejv\u00fdhodn\u011bj\u0161\u00ed bal\u00ed\u010dek portr\u00e9tn\u00edho focen\u00ed<\/div><\/div><div class=\"rpt_features rpt_features_2\"><div style=\"color:black;\" class=\"rpt_feature rpt_feature_2-0\">\u25aa  1-2 hodiny focen\u00ed\r<\/div><div style=\"color:black;\" class=\"rpt_feature rpt_feature_2-1\">\u25aa  35 upraven\u00fdch fotografi\u00ed ve \u0161pi\u010dkov\u00e9 kvalit\u011b\r<\/div><div style=\"color:black;\" class=\"rpt_feature rpt_feature_2-2\">\u25aa  ka\u017ed\u00e1 dal\u0161\u00ed upraven\u00e1 fotografie nad r\u00e1mec bal\u00ed\u010dku: 60K\u010d\r<\/div><div style=\"color:black;\" class=\"rpt_feature rpt_feature_2-3\">\u25aa  ke sta\u017een\u00ed prost\u0159ednictv\u00edm Cloudov\u00e9 slu\u017eby\r<\/div><div style=\"color:black;\" class=\"rpt_feature rpt_feature_2-4\">\u25aa  webov\u00e1 galerie chr\u00e1n\u011bn\u00e1 heslem\r<\/div><div style=\"color:black;\" class=\"rpt_feature rpt_feature_2-5\">\u25aa  mo\u017enost vyvol\u00e1n\u00ed fotografi\u00ed (dopl\u0148kov\u00e9 slu\u017eby)<\/div><\/div><a target=\"_blank\" style=\"background:#d88d24\" class=\"rpt_foot rpt_foot_2\"><\/a><\/div><\/div><\/div><div style=\"clear:both;\"><\/div>\n<p>&nbsp;<\/p>\n<hr>\n<p style=\"text-align: center;\">DOPL\u0147KOV\u00c9 SLU\u017dBY<\/p>\n<div id=\"rpt_pricr\" class=\"rpt_plans rpt_2_plans rpt_style_basic\"><div class=\"\"><div class=\"rpt_plan  rpt_plugin_f rpt_plan_0  \"><div style=\"text-align:center;\" class=\"rpt_title rpt_title_0\">VYVOL\u00c1N\u00cd FOTOGRAFI\u00cd<\/div><div class=\"rpt_head rpt_head_0\"><\/div><div class=\"rpt_features rpt_features_0\"><div style=\"color:black;\" class=\"rpt_feature rpt_feature_0-0\">Nad r\u00e1mec t\u011bch v\u00fd\u0161e uveden\u00fdch v bal\u00ed\u010dc\u00edch (v p\u0159\u00edpad\u011b svateb), matn\u00fd pr\u00e9miov\u00fd pap\u00edr s v\u011bt\u0161\u00ed gram\u00e1\u017e\u00ed, kr\u00e1sn\u00e9 barvy, barvost\u00e1lost v \u010dase.\r<\/div><div style=\"color:black;\" class=\"rpt_feature rpt_feature_0-1\">\u25aa  men\u0161\u00ed foto:  10\/15: 15K\u010d, 13\/19: 25K\u010d, 15\/23: 40K\u010d\r<\/div><div style=\"color:black;\" class=\"rpt_feature rpt_feature_0-2\">\u25aa  v\u011bt\u0161\u00ed foto: 20\/30: 65K\u010d, 30\/45: 200K\u010d \r<\/div><div style=\"color:black;\" class=\"rpt_feature rpt_feature_0-3\">\u25aa  velk\u00e9 foto: 40\/60: 450K\u010d, 50\/75: 700K\u010d, 60\/90:900K\u010d<\/div><\/div><a target=\"_blank\" style=\"background:#8dba09\" class=\"rpt_foot rpt_foot_0\"><\/a><\/div><div class=\"rpt_plan  rpt_plugin_f rpt_plan_1  \"><div style=\"text-align:center;\" class=\"rpt_title rpt_title_1\">FOTOOBRAZ<\/div><div class=\"rpt_head rpt_head_1\"><\/div><div class=\"rpt_features rpt_features_1\"><div style=\"color:black;\" class=\"rpt_feature rpt_feature_1-0\">Fotografie na obrazov\u00e9m pl\u00e1tn\u011b napnut\u00e1 na d\u0159ev\u011bn\u00e9m blind r\u00e1mu. \r<\/div><div style=\"color:black;\" class=\"rpt_feature rpt_feature_1-1\">\u25aa  form\u00e1t  obrazu 30\/45: 890K\u010d\r<\/div><div style=\"color:black;\" class=\"rpt_feature rpt_feature_1-2\">\u25aa  form\u00e1t obrazu 40\/60: 1190K\u010d\r<\/div><div style=\"color:black;\" class=\"rpt_feature rpt_feature_1-3\">\u25aa  form\u00e1t obrazu 50\/75: 1390K\u010d\r<\/div><div style=\"color:black;\" class=\"rpt_feature rpt_feature_1-4\">\u25aa  form\u00e1t obrazu 60\/90:1590K\u010d<\/div><\/div><a target=\"_blank\" style=\"background:#8dba09\" class=\"rpt_foot rpt_foot_1\"><\/a><\/div><\/div><\/div><div style=\"clear:both;\"><\/div>\n<hr>\n<p style=\"text-align: justify;\">Fotografovat lze jednotlivce, d\u011bti, p\u00e1ry, rodiny i zv\u00ed\u0159ec\u00ed mazl\u00ed\u010dky. Nafocen\u00e9, pe\u010dliv\u011b vybran\u00e9 a POUZE UPRAVEN\u00c9 fotografie obdr\u017e\u00edte prost\u0159ednictv\u00edm Cloudov\u00e9 slu\u017eby. Rovn\u011b\u017e z\u00edsk\u00e1te webovou galerii, kter\u00e1 je chr\u00e1n\u011bn\u00e1 heslem. <strong>\u00dapravy<\/strong> fotografi\u00ed zahrnuj\u00ed vhodn\u00e9 o\u0159ezy, \u00fapravu kontrastu, barevn\u00e9 t\u00f3nov\u00e1n\u00ed, \u010db, s\u00e9pie, retu\u0161, doost\u0159en\u00ed. Neupraven\u00e9 nepoveden\u00e9 fotografie se neposkytuj\u00ed!!! Upraven\u00e9 fotografie mohou b\u00fdt barevn\u00e9, \u010dernob\u00edl\u00e9, tzv. s\u00e9piov\u011b \u010di jinak t\u00f3novan\u00e9 (dle dohody).<\/p>\n<p>Fotografie k \u00faprav\u00e1m a p\u0159ed\u00e1n\u00ed vyb\u00edr\u00e1m j\u00e1 s\u00e1m, ale pokud se dohodneme jinak, m\u016f\u017eete si vybrat sami.<\/p>\n<p style=\"text-align: justify;\">Po dohod\u011b lze zajistit slu\u017eby profesion\u00e1ln\u00ed viz\u00e1\u017eistky (nen\u00ed zahrnuto v cen\u00edku). Doba p\u0159ed\u00e1n\u00ed hotov\u00e9 zak\u00e1zky se pohybuje obvykle od 1 do 3 t\u00fddn\u016f.<\/p>\n<p style=\"text-align: justify;\">&nbsp;<\/p>\n","protected":false},"excerpt":{"rendered":"<p>Varianty ateli\u00e9rov\u00e9ho i exteri\u00e9rov\u00e9ho focen\u00ed. Ke 3 variant\u00e1m je mo\u017eno volit nav\u00edc dopl\u0148kov\u00e9 slu\u017eby.&nbsp; Podrobn\u00fd popis jak v\u0161e prob\u00edh\u00e1 najdete n\u00ed\u017ee&#8230; CENOV\u00c1 NAB\u00cdDKA &nbsp; DOPL\u0147KOV\u00c9 SLU\u017dBY Fotografovat lze jednotlivce, d\u011bti, p\u00e1ry, rodiny i zv\u00ed\u0159ec\u00ed mazl\u00ed\u010dky. Nafocen\u00e9, pe\u010dliv\u011b vybran\u00e9 a POUZE UPRAVEN\u00c9 fotografie obdr\u017e\u00edte prost\u0159ednictv\u00edm Cloudov\u00e9 slu\u017eby. Rovn\u011b\u017e z\u00edsk\u00e1te webovou galerii, kter\u00e1 je chr\u00e1n\u011bn\u00e1 heslem. \u00dapravy fotografi\u00ed zahrnuj\u00ed vhodn\u00e9 o\u0159ezy, \u00fapravu kontrastu, barevn\u00e9 t\u00f3nov\u00e1n\u00ed, \u010db, s\u00e9pie, retu\u0161, doost\u0159en\u00ed. Neupraven\u00e9 nepoveden\u00e9 fotografie se neposkytuj\u00ed!!! Upraven\u00e9 fotografie mohou b\u00fdt barevn\u00e9, \u010dernob\u00edl\u00e9, tzv. s\u00e9piov\u011b \u010di jinak t\u00f3novan\u00e9 (dle dohody). Fotografie k \u00faprav\u00e1m a p\u0159ed\u00e1n\u00ed vyb\u00edr\u00e1m j\u00e1 s\u00e1m, ale pokud se dohodneme jinak, m\u016f\u017eete si vybrat sami. Po dohod\u011b lze zajistit slu\u017eby profesion\u00e1ln\u00ed viz\u00e1\u017eistky (nen\u00ed zahrnuto v cen\u00edku). Doba p\u0159ed\u00e1n\u00ed hotov\u00e9 zak\u00e1zky se pohybuje obvykle od 1 do 3 t\u00fddn\u016f. &nbsp;<\/p>\n","protected":false},"author":1,"featured_media":0,"parent":5377,"menu_order":0,"comment_status":"closed","ping_status":"open","template":"","meta":{"ngg_post_thumbnail":0},"aioseo_notices":[],"_links":{"self":[{"href":"https:\/\/marekbogac.net\/index.php?rest_route=\/wp\/v2\/pages\/5382"}],"collection":[{"href":"https:\/\/marekbogac.net\/index.php?rest_route=\/wp\/v2\/pages"}],"about":[{"href":"https:\/\/marekbogac.net\/index.php?rest_route=\/wp\/v2\/types\/page"}],"author":[{"embeddable":true,"href":"https:\/\/marekbogac.net\/index.php?rest_route=\/wp\/v2\/users\/1"}],"replies":[{"embeddable":true,"href":"https:\/\/marekbogac.net\/index.php?rest_route=%2Fwp%2Fv2%2Fcomments&post=5382"}],"version-history":[{"count":130,"href":"https:\/\/marekbogac.net\/index.php?rest_route=\/wp\/v2\/pages\/5382\/revisions"}],"predecessor-version":[{"id":7280,"href":"https:\/\/marekbogac.net\/index.php?rest_route=\/wp\/v2\/pages\/5382\/revisions\/7280"}],"up":[{"embeddable":true,"href":"https:\/\/marekbogac.net\/index.php?rest_route=\/wp\/v2\/pages\/5377"}],"wp:attachment":[{"href":"https:\/\/marekbogac.net\/index.php?rest_route=%2Fwp%2Fv2%2Fmedia&parent=5382"}],"curies":[{"name":"wp","href":"https:\/\/api.w.org\/{rel}","templated":true}]}}