{"id":7152,"date":"2022-04-20T07:28:47","date_gmt":"2022-04-20T06:28:47","guid":{"rendered":"https:\/\/marekbogac.net\/?page_id=7152"},"modified":"2024-02-09T09:45:28","modified_gmt":"2024-02-09T08:45:28","slug":"svatebni-foto-video","status":"publish","type":"page","link":"https:\/\/marekbogac.net\/?page_id=7152","title":{"rendered":"SVATEBN\u00cd FOTO+VIDEO"},"content":{"rendered":"<p>SVATEBN\u00cd FOTOGRAF + SVATEBN\u00cd KAMERAMAN<\/p>\n<p>Varianty svatebn\u00edho focen\u00ed spole\u010dn\u011b se svatebn\u00edm videem. Podrobn\u00fd popis, jak v\u0161e prob\u00edh\u00e1, najdete n\u00ed\u017ee. Ke v\u0161em variant\u00e1m lze nav\u00edc vyu\u017e\u00edt uveden\u00e9 dopl\u0148kov\u00e9 slu\u017eby jako vyvol\u00e1n\u00ed fotografi\u00ed nav\u00edc, fotoknihu, \u010di fotoobraz na pl\u00e1tno.<\/p>\n<h4><div id=\"rpt_pricr\" class=\"rpt_plans rpt_3_plans rpt_style_basic\"><div class=\" rpt_sm_price rpt_sm_features\"><div class=\"rpt_plan  rpt_plugin_f rpt_plan_0  \"><div style=\"text-align:center;\" class=\"rpt_title rpt_title_0\">FOTO+VIDEO Z\u00c1KLAD<\/div><div class=\"rpt_head rpt_head_0\"><div class=\"rpt_price rpt_price_0\"><sup class=\"rpt_currency\">K\u010d<\/sup>14900<\/div><div class=\"rpt_description rpt_description_0\">z\u00e1kladn\u00ed bal\u00ed\u010dek svatebn\u00edho focen\u00ed+nat\u00e1\u010den\u00ed<\/div><\/div><div class=\"rpt_features rpt_features_0\"><div style=\"color:black;\" class=\"rpt_feature rpt_feature_0-0\">\u25aa P\u0158EDSVATEBN\u00cd SCH\u016eZKA\r<\/div><div style=\"color:black;\" class=\"rpt_feature rpt_feature_0-1\">\u25aa 2-3 HODINY FOTO+VIDEO (OB\u0158AD, SKUPINOV\u00c9 FOTO, STYLIZOVAN\u00c9 FOTO-VIDEO NOVOMAN\u017dEL\u016e + N\u00c1SLEDN\u00c1 PR\u00c1CE S \u00daPRAVAMI A P\u0158ED\u00c1N\u00cdM - CCA 20 HODIN)\r<\/div><div style=\"color:black;\" class=\"rpt_feature rpt_feature_0-2\">\u25aa 120 UPRAVEN\u00ddCH FOTOGRAFI\u00cd VE \u0160PI\u010cKOV\u00c9 KVALIT\u011a KE STA\u017dEN\u00cd PROST\u0158EDNICTV\u00cdM CLOUDOV\u00c9 SLU\u017dBY + QR K\u00d3D KE STA\u017dEN\u00cd + Z\u00c1LO\u017dN\u00cd DVD S FOTOGRAFIEMI\r<\/div><div style=\"color:black;\" class=\"rpt_feature rpt_feature_0-3\">\u25aa WEBOV\u00c1 GALERIE FOTOGRAFI\u00cd CHR\u00c1N\u011aN\u00c1 HESLEM\r<\/div><div style=\"color:black;\" class=\"rpt_feature rpt_feature_0-4\">\u25aa SEST\u0158\u00cdHAN\u00dd A HUDEBN\u011a PODBARVEN\u00dd SVATEBN\u00cd FILM V D\u00c9LCE 10-20 MIN. KE STA\u017dEN\u00cd PROST\u0158EDNICTV\u00cdM CLOUDOV\u00c9 SLU\u017dBY + QR K\u00d3D KE STA\u017dEN\u00cd + Z\u00c1LO\u017dN\u00cd DVD S FILMEM\r<\/div><div style=\"color:black;\" class=\"rpt_feature rpt_feature_0-5\">\u25aa KR\u00c1TK\u00dd SVATEBN\u00cd VIDEOKLIP<\/div><\/div><a target=\"_blank\" style=\"background:#8c5907\" class=\"rpt_foot rpt_foot_0\"><\/a><\/div><div class=\"rpt_plan  rpt_plugin_f rpt_plan_1 rpt_recommended_plan \"><div style=\"text-align:center;\" class=\"rpt_title rpt_title_1\">FOTO+VIDEO P\u016eLDEN<img style=\"height:30px !important; width:30px !important;\" class=\"rpt_recommended\" src=\"https:\/\/marekbogac.net\/wp-content\/plugins\/dk-pricr-responsive-pricing-table\/inc\/img\/rpt_recommended.png\"\/><\/div><div class=\"rpt_head rpt_head_1\"><div class=\"rpt_price rpt_price_1\"><sup class=\"rpt_currency\">K\u010d<\/sup>19900<\/div><div class=\"rpt_description rpt_description_1\">nej\u017e\u00e1dan\u011bj\u0161\u00ed bal\u00ed\u010dek svatebn\u00edho focen\u00ed+nat\u00e1\u010den\u00ed<\/div><\/div><div class=\"rpt_features rpt_features_1\"><div style=\"color:black;\" class=\"rpt_feature rpt_feature_1-0\">\u25aa P\u0158EDSVATEBN\u00cd SCH\u016eZKA\r<\/div><div style=\"color:black;\" class=\"rpt_feature rpt_feature_1-1\">\u25aa WEBOV\u00c1 GALERIE FOTOGRAFI\u00cd CHR\u00c1N\u011aN\u00c1 HESLEM\r<\/div><div style=\"color:black;\" class=\"rpt_feature rpt_feature_1-2\">\u25aa 5 HODIN FOTO+VIDEO (OB\u0158AD, SKUPINOV\u00c9 FOCEN\u00cd, SVATEBN\u00cd HOSTINA, STYLIZOVAN\u00c9 FOTO-VIDEO NOVOMAN\u017dEL\u016e, NEBO COKOLIV V R\u00c1MCI UVEDEN\u00c9 \u010cASOV\u00c9 DOSTUPNOSTI + N\u00c1SLEDN\u00c1 PR\u00c1CE S \u00daPRAVAMI A P\u0158ED\u00c1N\u00cdM - CCA 26 HODIN\r<\/div><div style=\"color:black;\" class=\"rpt_feature rpt_feature_1-3\">\u25aa MIN. 280 UPRAVEN\u00ddCH FOTOGRAFI\u00cd VE \u0160PI\u010cKOV\u00c9 KVALIT\u011a KE STA\u017dEN\u00cd PROST\u0158EDNICTV\u00cdM CLOUDOV\u00c9 SLU\u017dBY + QR K\u00d3D KE STA\u017dEN\u00cd + Z\u00c1LO\u017dN\u00cd DVD S FOTOGRAFIEMI\r<\/div><div style=\"color:black;\" class=\"rpt_feature rpt_feature_1-4\">\u25aa SEST\u0158\u00cdHAN\u00dd A HUDEBN\u011a PODBARVEN\u00dd SVATEBN\u00cd FILM V D\u00c9LCE 15-30 MIN. KE STA\u017dEN\u00cd PROST\u0158EDNICTV\u00cdM CLOUDOV\u00c9 SLU\u017dBY + QR K\u00d3D KE STA\u017dEN\u00cd + Z\u00c1LO\u017dN\u00cd DVD S FILMEM\r<\/div><div style=\"color:black;\" class=\"rpt_feature rpt_feature_1-5\">\u25aa KR\u00c1TK\u00dd SVATEBN\u00cd VIDEOKLIP<\/div><\/div><a target=\"_blank\" style=\"background:#d6d6d6\" class=\"rpt_foot rpt_foot_1\"><\/a><\/div><div class=\"rpt_plan  rpt_plugin_f rpt_plan_2  \"><div style=\"text-align:center;\" class=\"rpt_title rpt_title_2\">FOTO+VIDEO DEN<\/div><div class=\"rpt_head rpt_head_2\"><div class=\"rpt_price rpt_price_2\"><sup class=\"rpt_currency\">K\u010d<\/sup>23900<\/div><div class=\"rpt_description rpt_description_2\">NEJV\u00ddHODN\u011aJ\u0160\u00cd BAL\u00cd\u010cEK SVATEBN\u00cdHO FOCEN\u00cd+NAT\u00c1\u010cEN\u00cd<\/div><\/div><div class=\"rpt_features rpt_features_2\"><div style=\"color:black;\" class=\"rpt_feature rpt_feature_2-0\">\u25aa P\u0158EDSVATEBN\u00cd SCH\u016eZKA\r<\/div><div style=\"color:black;\" class=\"rpt_feature rpt_feature_2-1\">\u25aa 9-10 HODIN FOTO+VIDEO (FOTO+VIDEO DOKUMENTACE CEL\u00c9HO SVATEBN\u00cdHO DNE, N\u00c1SLEDN\u00c1 PR\u00c1CE S \u00daPRAVAMI A P\u0158ED\u00c1N\u00cdM - CCA 34 HODIN)\r<\/div><div style=\"color:black;\" class=\"rpt_feature rpt_feature_2-2\">\u25aa MIN. 330 UPRAVEN\u00ddCH FOTOGRAFI\u00cd VE \u0160PI\u010cKOV\u00c9 KVALIT\u011a KE STA\u017dEN\u00cd PROST\u0158EDNICTV\u00cdM CLOUDOV\u00c9 SLU\u017dBY + QR K\u00d3D KE STA\u017dEN\u00cd + Z\u00c1LO\u017dN\u00cd DVD S FOTOGRAFIEMI\r<\/div><div style=\"color:black;\" class=\"rpt_feature rpt_feature_2-3\">\u25aa WEBOV\u00c1 GALERIE FOTOGRAFI\u00cd CHR\u00c1N\u011aN\u00c1 HESLEM\r<\/div><div style=\"color:black;\" class=\"rpt_feature rpt_feature_2-4\">\u25aa 10 fotografem vybran\u00fdch vyvolan\u00fdch fotografi\u00ed form\u00e1tu 13\/19 v d\u00e1rkov\u00e9m balen\u00ed.\r<\/div><div style=\"color:black;\" class=\"rpt_feature rpt_feature_2-5\">\u25aa SEST\u0158\u00cdHAN\u00dd A HUDEBN\u011a PODBARVEN\u00dd SVATEBN\u00cd FILM V D\u00c9LCE 20-35 MIN. KE STA\u017dEN\u00cd PROST\u0158EDNICTV\u00cdM CLOUDOV\u00c9 SLU\u017dBY + QR K\u00d3D KE STA\u017dEN\u00cd + Z\u00c1LO\u017dN\u00cd DVD S FILMEM\r<\/div><div style=\"color:black;\" class=\"rpt_feature rpt_feature_2-6\">\u25aa KR\u00c1TK\u00dd SVATEBN\u00cd VIDEOKLIP<\/div><\/div><a target=\"_blank\" style=\"background:#eab735\" class=\"rpt_foot rpt_foot_2\"><\/a><\/div><\/div><\/div><div style=\"clear:both;\"><\/div><\/h4>\n<p>&nbsp;<\/p>\n<hr>\n<p style=\"text-align: center;\">DOPL\u0147KOV\u00c9 SLU\u017dBY<\/p>\n<div id=\"rpt_pricr\" class=\"rpt_plans rpt_5_plans rpt_style_basic\"><div class=\" rpt_xxsm_price\"><div class=\"rpt_plan  rpt_plugin_f rpt_plan_0  \"><div style=\"text-align:center;\" class=\"rpt_title rpt_title_0\">FOTO+VIDEO NAV\u00cdC<\/div><div class=\"rpt_head rpt_head_0\"><div class=\"rpt_price rpt_price_0\">K\u010d 1800<\/div><\/div><div class=\"rpt_features rpt_features_0\"><div style=\"color:black;\" class=\"rpt_feature rpt_feature_0-0\">\u010casov\u00e1 dostupnost fotografa a kameramana \u2013 NAD R\u00c1MEC bal\u00ed\u010dku \u2013 ka\u017ed\u00e1 dal\u0161\u00ed zapo\u010dat\u00e1 p\u016flhodina nav\u00edc<\/div><\/div><a target=\"_blank\" style=\"background:#8dba09\" class=\"rpt_foot rpt_foot_0\"><\/a><\/div><div class=\"rpt_plan  rpt_plugin_f rpt_plan_1  \"><div style=\"text-align:center;\" class=\"rpt_title rpt_title_1\">VYVOL\u00c1N\u00cd FOTOGRAFI\u00cd<\/div><div class=\"rpt_head rpt_head_1\"><\/div><div class=\"rpt_features rpt_features_1\"><div style=\"color:black;\" class=\"rpt_feature rpt_feature_1-0\">Matn\u00fd pr\u00e9miov\u00fd pap\u00edr s v\u011bt\u0161\u00ed gram\u00e1\u017e\u00ed, kr\u00e1sn\u00e9 barvy, barvost\u00e1lost v \u010dase.\r<\/div><div style=\"color:black;\" class=\"rpt_feature rpt_feature_1-1\">\u25aa men\u0161\u00ed foto: 10\/15: 15K\u010d, 13\/19: 25K\u010d, 15\/23: 40K\u010d \u25aa v\u011bt\u0161\u00ed foto: 20\/30: 65K\u010d, 30\/45: 200K\u010d \u25aa velk\u00e9 foto: 40\/60: 450K\u010d, 50\/75: 700K\u010d, 60\/90:900K\u010d<\/div><\/div><a target=\"_blank\" style=\"background:#8dba09\" class=\"rpt_foot rpt_foot_1\"><\/a><\/div><div class=\"rpt_plan  rpt_plugin_f rpt_plan_2  \"><div style=\"text-align:center;\" class=\"rpt_title rpt_title_2\">FOTOOBRAZ<\/div><div class=\"rpt_head rpt_head_2\"><\/div><div class=\"rpt_features rpt_features_2\"><div style=\"color:black;\" class=\"rpt_feature rpt_feature_2-0\">Fotografie na obrazov\u00e9m pl\u00e1tn\u011b napnut\u00e1 na d\u0159ev\u011bn\u00e9m blind r\u00e1mu.\r<\/div><div style=\"color:black;\" class=\"rpt_feature rpt_feature_2-1\">\u25aa form\u00e1t obrazu 30\/45: 890K\u010d\r<\/div><div style=\"color:black;\" class=\"rpt_feature rpt_feature_2-2\">\u25aa form\u00e1t obrazu 40\/60: 1190K\u010d\r<\/div><div style=\"color:black;\" class=\"rpt_feature rpt_feature_2-3\">\u25aa form\u00e1t obrazu 50\/75: 1390K\u010d\r<\/div><div style=\"color:black;\" class=\"rpt_feature rpt_feature_2-4\">\u25aa form\u00e1t obrazu 60\/90:1590K\u010d<\/div><\/div><a target=\"_blank\" style=\"background:#8dba09\" class=\"rpt_foot rpt_foot_2\"><\/a><\/div><div class=\"rpt_plan  rpt_plugin_f rpt_plan_3  \"><div style=\"text-align:center;\" class=\"rpt_title rpt_title_3\">FOTOKNIHA<\/div><div class=\"rpt_head rpt_head_3\"><div class=\"rpt_price rpt_price_3\">od 2200 K\u010d<\/div><\/div><div class=\"rpt_features rpt_features_3\"><div style=\"color:black;\" class=\"rpt_feature rpt_feature_3-0\">Pro n\u00e1ro\u010dn\u011bj\u0161\u00ed klienty - opravdu luxusn\u00ed fotokniha (nutno vid\u011bt a dohodnout na p\u0159edsvatebn\u00ed sch\u016fzce).\r<\/div><div style=\"color:black;\" class=\"rpt_feature rpt_feature_3-1\">\u25aa obal z k\u016f\u017ee, um\u011bl\u00e9 k\u016f\u017ee, pl\u00e1tna nebo d\u0159ev\u011bn\u00e9 d\u00fdhy\r<\/div><div style=\"color:black;\" class=\"rpt_feature rpt_feature_3-2\">\u25aa variabiln\u00ed barevn\u00e9 dekorace\r<\/div><div style=\"color:black;\" class=\"rpt_feature rpt_feature_3-3\">\u25aa tvrd\u00e1 vavazba z vatov\u00e1n\u00edm\r<\/div><div style=\"color:black;\" class=\"rpt_feature rpt_feature_3-4\">\u25aa mo\u017enost grav\u00edrov\u00e1n\u00ed monogramu, nebo data svatby\r<\/div><div style=\"color:black;\" class=\"rpt_feature rpt_feature_3-5\">\u25aa individu\u00e1ln\u00ed kalkulace ceny<\/div><\/div><a target=\"_blank\" style=\"background:#8dba09\" class=\"rpt_foot rpt_foot_3\"><\/a><\/div><div class=\"rpt_plan  rpt_plugin_f rpt_plan_4  \"><div style=\"text-align:center;\" class=\"rpt_title rpt_title_4\">DOPRAVA<\/div><div class=\"rpt_head rpt_head_4\"><\/div><div class=\"rpt_features rpt_features_4\"><div style=\"color:black;\" class=\"rpt_feature rpt_feature_4-0\">\u25aa Brunt\u00e1l, Opava: 250K\u010d\r<\/div><div style=\"color:black;\" class=\"rpt_feature rpt_feature_4-1\">\u25aa Ostrava: 600K\u010d\r<\/div><div style=\"color:black;\" class=\"rpt_feature rpt_feature_4-2\">\u25aa Olomouc: 800K\u010d\r<\/div><div style=\"color:black;\" class=\"rpt_feature rpt_feature_4-3\">\u25aa jinam: dle dohody<\/div><\/div><a target=\"_blank\" style=\"background:#8dba09\" class=\"rpt_foot rpt_foot_4\"><\/a><\/div><\/div><\/div><div style=\"clear:both;\"><\/div>\n<p>&nbsp;<\/p>\n<hr>\n<p><span style=\"line-height: 1.625;\">&nbsp;<\/span><\/p>\n<p>Do svatebn\u00edch fotografi\u00ed a svatebn\u00edho videa vkl\u00e1d\u00e1me co nejv\u00edce p\u0159irozenosti a romantiky v\u010detn\u011b report\u00e1\u017en\u00edho charakteru, kter\u00fd podtrhuje zachycen\u00ed detail\u016f a pocit\u016f fotografovan\u00fdch osob. P\u0159i pr\u00e1ci&nbsp; n\u00e1m pom\u00e1h\u00e1 nejv\u00fdkonn\u011bj\u0161\u00ed a v\u00fdhradn\u011b profesion\u00e1ln\u00ed foto a video technika. Pou\u017e\u00edv\u00e1me nejkvalitn\u011bj\u0161\u00edch objektiv\u016f s vysokou sv\u011btelnost\u00ed, kter\u00e9 jsou schopny ve fotografii navodit ve spojen\u00ed s p\u0159irozen\u00fdm sv\u011btlem velice p\u016fsobivou atmosf\u00e9ru. Z\u00e1rove\u0148 dovoluj\u00ed fotografovat i nat\u00e1\u010det za zhor\u0161en\u00fdch sv\u011bteln\u00fdch podm\u00ednek i bez pou\u017eit\u00ed syst\u00e9mov\u00e9ho blesku \u010di dopl\u0148kov\u00e9ho sv\u011btla. Ve\u0161ker\u00e1 technika je duplikov\u00e1na pro p\u0159\u00edpad poruchy.<\/p>\n<p>Ka\u017ed\u00fd svatebn\u00ed p\u00e1r vy\u017eaduje individu\u00e1ln\u00ed p\u0159\u00edstup, m\u00e1 rozd\u00edln\u00e9 &nbsp;p\u0159edstavy o zp\u016fsobu fotografov\u00e1n\u00ed a r\u016fzn\u00e9 po\u017eadavky, b\u00fdv\u00e1 proto dobr\u00e9 uskute\u010dnit sch\u016fzku, na kter\u00e9 probereme Va\u0161e p\u0159edstavy, po\u017eadavky a n\u00e1pady, t\u00fdkaj\u00edc\u00ed se samotn\u00e9ho fotografov\u00e1n\u00ed i nat\u00e1\u010den\u00ed Va\u0161eho svatebn\u00edho dne. D\u00e1le up\u0159esn\u00edme \u010dasov\u00fd rozsah fotografov\u00e1n\u00ed, nat\u00e1\u010den\u00ed, preferovan\u00e9 \u00fapravy a v neposledn\u00ed \u0159ad\u011b se rovn\u011b\u017e vz\u00e1jemn\u011b sezn\u00e1m\u00edme, co\u017e m\u00e1 n\u00e1sledn\u011b velmi pozitivn\u00ed vliv b\u011bhem samotn\u00e9ho focen\u00ed a nat\u00e1\u010den\u00ed.<\/p>\n<p><strong>Jedna velmi d\u016fle\u017eit\u00e1 v\u011bc: stylizovan\u00e9 novoman\u017eelsk\u00e9 focen\u00ed je maxim\u00e1ln\u011b vhodn\u00e9 sm\u011brovat na pozdn\u00ed odpoledn\u00ed dobu, kdy je ji\u017e slun\u00ed\u010dko n\u00ed\u017ee na obzoru a jen tehdy se daj\u00ed po\u0159\u00eddit ty nejhez\u010d\u00ed aran\u017eovan\u00e9 fotografie!!! &nbsp;V p\u0159\u00edpad\u011b focen\u00ed kolem poledne je sv\u011btlo p\u0159\u00edli\u0161 kontrastn\u00ed a NELZE vytvo\u0159it tak efektn\u00ed z\u00e1b\u011bry.<\/strong><\/p>\n<p>Prost\u0159ednictv\u00edm Cloudov\u00e9 slu\u017eby a na z\u00e1lo\u017en\u00edm&nbsp; DVD nosi\u010di, \u010di FlashDisku obdr\u017e\u00edte v r\u00e1mci p\u0159\u00edslu\u0161n\u00e9ho bal\u00ed\u010dku uveden\u00fd po\u010det <b>UPRAVEN\u00ddCH<\/b> fotografi\u00ed.&nbsp;<b>\u00dapravy fotografi\u00ed zahrnuj\u00ed vhodn\u00e9 o\u0159ezy, p\u0159evody do \u010db, s\u00e9pie \u010di jin\u00e9ho t\u00f3nov\u00e1n\u00ed, RETU\u0160 a spr\u00e1vn\u00e9 doost\u0159en\u00ed<\/b>.&nbsp; Fotografie v se daj\u00ed z Cloudu st\u00e1hnout, nebo zobrazit jako galerie &#8211; v\u0161e je chr\u00e1n\u011bno p\u0159\u00edstupov\u00fdm heslem.&nbsp; Neupraven\u00e9 fotografie se neposkytuj\u00ed!!!<\/p>\n<p>Vedle zpracovan\u00e9ho, sest\u0159\u00edhan\u00e9ho a hudbou dopln\u011bn\u00e9ho svatebn\u00edho filmu obdr\u017e\u00edte rovn\u011b\u017e kr\u00e1tk\u00fd svatebn\u00ed videoklip. V\u0161e prost\u0159ednictv\u00edm Cloudov\u00e9 slu\u017eby a tak\u00e9 na DVD nosi\u010di, \u010di flashdisku.<\/p>\n<p>Doba p\u0159ed\u00e1n\u00ed hotov\u00e9 zak\u00e1zky (fotografie) se pohybuje obvykle kolem 3-4 t\u00fddn\u016f. Doba p\u0159ed\u00e1n\u00ed hotov\u00e9 zak\u00e1zky (video) se pohybuje obvykle kolem 2-5 m\u011bs\u00edc\u016f.<\/p>\n<p>&nbsp;<\/p>\n","protected":false},"excerpt":{"rendered":"<p>SVATEBN\u00cd FOTOGRAF + SVATEBN\u00cd KAMERAMAN Varianty svatebn\u00edho focen\u00ed spole\u010dn\u011b se svatebn\u00edm videem. Podrobn\u00fd popis, jak v\u0161e prob\u00edh\u00e1, najdete n\u00ed\u017ee. Ke v\u0161em variant\u00e1m lze nav\u00edc vyu\u017e\u00edt uveden\u00e9 dopl\u0148kov\u00e9 slu\u017eby jako vyvol\u00e1n\u00ed fotografi\u00ed nav\u00edc, fotoknihu, \u010di fotoobraz na pl\u00e1tno. &nbsp; DOPL\u0147KOV\u00c9 SLU\u017dBY &nbsp; &nbsp; Do svatebn\u00edch fotografi\u00ed a svatebn\u00edho videa vkl\u00e1d\u00e1me co nejv\u00edce p\u0159irozenosti a romantiky v\u010detn\u011b report\u00e1\u017en\u00edho charakteru, kter\u00fd podtrhuje zachycen\u00ed detail\u016f a pocit\u016f fotografovan\u00fdch osob. P\u0159i pr\u00e1ci&nbsp; n\u00e1m pom\u00e1h\u00e1 nejv\u00fdkonn\u011bj\u0161\u00ed a v\u00fdhradn\u011b profesion\u00e1ln\u00ed foto a video technika. Pou\u017e\u00edv\u00e1me nejkvalitn\u011bj\u0161\u00edch objektiv\u016f s vysokou sv\u011btelnost\u00ed, kter\u00e9 jsou schopny ve fotografii navodit ve spojen\u00ed s p\u0159irozen\u00fdm sv\u011btlem velice p\u016fsobivou atmosf\u00e9ru. Z\u00e1rove\u0148 dovoluj\u00ed fotografovat i nat\u00e1\u010det za zhor\u0161en\u00fdch sv\u011bteln\u00fdch podm\u00ednek i bez pou\u017eit\u00ed syst\u00e9mov\u00e9ho blesku \u010di dopl\u0148kov\u00e9ho sv\u011btla. Ve\u0161ker\u00e1 technika je duplikov\u00e1na pro p\u0159\u00edpad poruchy. Ka\u017ed\u00fd svatebn\u00ed p\u00e1r vy\u017eaduje individu\u00e1ln\u00ed p\u0159\u00edstup, m\u00e1 rozd\u00edln\u00e9 &nbsp;p\u0159edstavy o zp\u016fsobu fotografov\u00e1n\u00ed a r\u016fzn\u00e9 po\u017eadavky, b\u00fdv\u00e1 proto dobr\u00e9 uskute\u010dnit sch\u016fzku, na kter\u00e9 probereme Va\u0161e p\u0159edstavy, po\u017eadavky a n\u00e1pady, t\u00fdkaj\u00edc\u00ed se samotn\u00e9ho fotografov\u00e1n\u00ed i nat\u00e1\u010den\u00ed Va\u0161eho svatebn\u00edho dne. D\u00e1le up\u0159esn\u00edme \u010dasov\u00fd rozsah fotografov\u00e1n\u00ed, nat\u00e1\u010den\u00ed, preferovan\u00e9 \u00fapravy a v neposledn\u00ed \u0159ad\u011b se rovn\u011b\u017e vz\u00e1jemn\u011b sezn\u00e1m\u00edme, co\u017e m\u00e1 n\u00e1sledn\u011b velmi pozitivn\u00ed vliv b\u011bhem samotn\u00e9ho focen\u00ed a nat\u00e1\u010den\u00ed. Jedna velmi d\u016fle\u017eit\u00e1 v\u011bc: stylizovan\u00e9 novoman\u017eelsk\u00e9 focen\u00ed je maxim\u00e1ln\u011b vhodn\u00e9 sm\u011brovat na pozdn\u00ed odpoledn\u00ed dobu,&#8230; \u010d\u00edst d\u00e1le &#8230;<\/p>\n","protected":false},"author":1,"featured_media":0,"parent":5377,"menu_order":0,"comment_status":"closed","ping_status":"closed","template":"","meta":{"ngg_post_thumbnail":0},"aioseo_notices":[],"_links":{"self":[{"href":"https:\/\/marekbogac.net\/index.php?rest_route=\/wp\/v2\/pages\/7152"}],"collection":[{"href":"https:\/\/marekbogac.net\/index.php?rest_route=\/wp\/v2\/pages"}],"about":[{"href":"https:\/\/marekbogac.net\/index.php?rest_route=\/wp\/v2\/types\/page"}],"author":[{"embeddable":true,"href":"https:\/\/marekbogac.net\/index.php?rest_route=\/wp\/v2\/users\/1"}],"replies":[{"embeddable":true,"href":"https:\/\/marekbogac.net\/index.php?rest_route=%2Fwp%2Fv2%2Fcomments&post=7152"}],"version-history":[{"count":12,"href":"https:\/\/marekbogac.net\/index.php?rest_route=\/wp\/v2\/pages\/7152\/revisions"}],"predecessor-version":[{"id":7274,"href":"https:\/\/marekbogac.net\/index.php?rest_route=\/wp\/v2\/pages\/7152\/revisions\/7274"}],"up":[{"embeddable":true,"href":"https:\/\/marekbogac.net\/index.php?rest_route=\/wp\/v2\/pages\/5377"}],"wp:attachment":[{"href":"https:\/\/marekbogac.net\/index.php?rest_route=%2Fwp%2Fv2%2Fmedia&parent=7152"}],"curies":[{"name":"wp","href":"https:\/\/api.w.org\/{rel}","templated":true}]}}