{"id":7249,"date":"2023-04-12T08:06:33","date_gmt":"2023-04-12T07:06:33","guid":{"rendered":"https:\/\/marekbogac.net\/?page_id=7249"},"modified":"2025-01-07T10:42:29","modified_gmt":"2025-01-07T09:42:29","slug":"produktove-foto-2","status":"publish","type":"page","link":"https:\/\/marekbogac.net\/?page_id=7249","title":{"rendered":"PRODUKTOV\u00c9 FOTO"},"content":{"rendered":"<table style=\"width: 101.06%;\" border=\"0\" cellspacing=\"0\" cellpadding=\"0\">\n<colgroup>\n<col width=\"170\">\n<col width=\"443\">\n<col width=\"90\"> <\/colgroup>\n<tbody>\n<tr>\n<td style=\"text-align: justify; width: 107.298%;\" colspan=\"3\" width=\"790\" height=\"20\">Focen\u00ed PRODUKT\u016e za \u00fa\u010delem propagace na webu, katalogu, banneru apod. Fotit lze v ateli\u00e9ru, u klienta, \u010di v exteri\u00e9ru.&nbsp; &nbsp; &nbsp;<span style=\"color: #800000;\"><a href=\"https:\/\/marekbogac.net\/?page_id=22\" target=\"_blank\" rel=\"noopener noreferrer\"><strong>Zeptejte se na INDIVIDU\u00c1LN\u00cd KALKULACI!<\/strong><\/a><\/span><\/td>\n<\/tr>\n<tr>\n<td style=\"width: 20.9227%;\" height=\"20\">Produkt <strong>ATELI\u00c9R<\/strong><\/td>\n<td style=\"width: 69.206%;\">Z\u00e1kladn\u00ed a <span style=\"text-decoration: underline;\">minim\u00e1ln\u00ed<\/span> sazba pro focen\u00ed v ateli\u00e9ru ( i kdy\u017e nap\u0159. klient po\u017eaduje nafotit pouze 10 fin\u00e1ln\u00edch fotografi\u00ed, jejich\u017e samostatn\u00e1 cena by byla nap\u0159. 1500K\u010d &#8211; 150\/fotografii).<\/td>\n<td style=\"width: 17.1697%;\"><strong>2400,-K\u010d *<\/strong><\/td>\n<\/tr>\n<tr>\n<td style=\"width: 20.9227%;\" height=\"20\">&nbsp;<\/td>\n<td style=\"width: 69.206%;\">Focen\u00ed produkt\u016f p\u0159\u00edmo v ateli\u00e9ru, v\u011bt\u0161inou bez \u00fa\u010dasti klienta dle p\u0159edem dohodnut\u00e9ho sc\u00e9n\u00e1\u0159e. Po p\u0159edchoz\u00ed dohod\u011b lze, aby u focen\u00ed asistoval klient, co\u017e m\u016f\u017ee l\u00e9pe naplnit jeho p\u0159edstavu o charakteru, p\u0159\u00edp. aran\u017em\u00e1 fotky. V cen\u011b je zapo\u010d\u00edt\u00e1no nastaven\u00ed sv\u011bteln\u00e9 techniky a aran\u017eov\u00e1n\u00ed&nbsp; sc\u00e9ny.<\/td>\n<td style=\"width: 17.1697%;\">&nbsp;<\/td>\n<\/tr>\n<tr>\n<td style=\"width: 20.9227%;\" height=\"20\">Produkt <strong>KLIENT\/EXTERI\u00c9R<\/strong><\/td>\n<td style=\"width: 69.206%;\">Z\u00e1kladn\u00ed a <span style=\"text-decoration: underline;\">minim\u00e1ln\u00ed<\/span> sazba pro focen\u00ed u klienta, nebo v exteri\u00e9ru (pokud nap\u0159. klient po\u017eaduje nafotit pouze 10 fin\u00e1ln\u00edch fotografi\u00ed, jejich\u017e samostatn\u00e1 cena by byla nap\u0159. 2000K\u010d &#8211; 200\/fotografii). V cen\u011b ja zapo\u010d\u00edt\u00e1n p\u0159evoz a postaven\u00ed sv\u011bteln\u00e9 techniky a aran\u017eov\u00e1n\u00ed sc\u00e9ny.<\/td>\n<td style=\"width: 17.1697%;\"><strong>2800,-K\u010d **<\/strong><\/td>\n<\/tr>\n<tr>\n<td style=\"width: 20.9227%;\" height=\"20\"><strong>Cena za FIN\u00c1LN\u00cd FOTOGRAFII<\/strong><\/td>\n<td style=\"width: 69.206%;\">Cenu ur\u010duje charakter fotografovan\u00e9ho produktu, zp\u016fsob focen\u00ed\/aran\u017eov\u00e1n\u00ed , rozsah \u00faprav v postprodukci a \u00fa\u010del, pro kter\u00fd bude foto slou\u017eit.<\/td>\n<td style=\"width: 17.1697%;\">&nbsp;<strong>100-600,-K\u010d<\/strong><\/td>\n<\/tr>\n<tr>\n<td style=\"width: 20.9227%;\" width=\"147\" height=\"20\">&nbsp;<\/td>\n<td style=\"width: 69.206%;\">Jeliko\u017e jsou produktov\u00e9 fotografie velice specifick\u00fd druh fotografie, nelze dop\u0159edu ur\u010dit p\u0159esnou cenu. V\u017edy z\u00e1le\u017e\u00ed na n\u011bkolika faktorech (mno\u017estv\u00ed, velikost, pr\u016fhlednost, lesklost apod.). Fin\u00e1ln\u00ed cena bude ur\u010dena pro p\u0159edchoz\u00ed konzultaci.<\/td>\n<td style=\"width: 17.1697%;\">&nbsp;<\/td>\n<\/tr>\n<tr>\n<td style=\"width: 20.9227%;\">&nbsp;<\/td>\n<td style=\"width: 69.206%;\"><em>P\u0159\u00edklad 1: klient po\u017eaduje v ateli\u00e9ru nafotit 50 prouktov\u00fdch fotografi\u00ed, kdy cena za kus bude stanovena na 130K\u010d. V\u00fdsledn\u00e1 a fin\u00e1ln\u00ed cena bude 50&#215;130 &#8211; tj. 6500K\u010d<\/em><\/td>\n<td style=\"width: 17.1697%;\">&nbsp;<\/td>\n<\/tr>\n<tr>\n<td style=\"width: 20.9227%;\">&nbsp;<\/td>\n<td style=\"width: 69.206%;\"><em>P\u0159\u00edklad 2: klient po\u017eaduje v ateli\u00e9ru nafotit 5 produktov\u00fdch fotografi\u00ed, kdy cena za kus bude stanovena na 130K\u010d. V\u00fdsledn\u00e1 a fin\u00e1ln\u00ed cena bude 2400K\u010d *<\/em><\/td>\n<td style=\"width: 17.1697%;\">&nbsp;<\/td>\n<\/tr>\n<tr>\n<td style=\"width: 20.9227%;\">&nbsp;<\/td>\n<td style=\"width: 69.206%;\"><em>P\u0159\u00edklad 3: klient po\u017eaduje u sebe na firm\u011b nafotit 50 prouktov\u00fdch fotografi\u00ed, kdy cena za kus bude stanovena na 130K\u010d. V\u00fdsledn\u00e1 a fin\u00e1ln\u00ed cena bude 50*130 &#8211; tj. 6500K\u010d<\/em><\/td>\n<td style=\"width: 17.1697%;\">&nbsp;<\/td>\n<\/tr>\n<tr>\n<td style=\"width: 20.9227%;\">&nbsp;<\/td>\n<td style=\"width: 69.206%;\"><em>P\u0159\u00edklad 4: klient po\u017eaduje u sebe na firm\u011b nafotit 5 produktov\u00fdch fotografi\u00ed, kdy cena za kus bude stanovena na 130K\u010d. V\u00fdsledn\u00e1 a fin\u00e1ln\u00ed cena bude 2800K\u010d **<\/em><\/td>\n<td style=\"width: 17.1697%;\">&nbsp;<\/td>\n<\/tr>\n<tr>\n<td style=\"width: 20.9227%;\" width=\"147\" height=\"20\"><strong>DOPRAVA<\/strong><\/td>\n<td style=\"width: 69.206%;\" width=\"643\">Brunt\u00e1l: 250 K\u010d, Opava: 250K\u010d,&nbsp; Ostrava: 500K\u010d,&nbsp; jinam: dle dohody<\/td>\n<td style=\"width: 17.1697%;\">&nbsp;<\/td>\n<\/tr>\n<\/tbody>\n<\/table>\n<p>&nbsp;<\/p>\n<p style=\"text-align: justify;\"><span style=\"font-size: large;\">V dne\u0161n\u00ed dob\u011b internetu a online sv\u011bta plat\u00ed dvoun\u00e1sob pravidlo, \u017ee dobr\u00e1 fotografie prod\u00e1v\u00e1! Proto pokud m\u00e1te webovou prezentaci, \u010di e-shop, katalog apod., nepodce\u0148ujte tuto velmi d\u016fle\u017eitou \u010d\u00e1st marketingu.<\/span><\/p>\n<h3 style=\"text-align: justify;\">Jak v\u0161e prob\u00edh\u00e1?<\/h3>\n<p style=\"text-align: justify;\">Po <b>vz\u00e1jemn\u00e9 konzultaci<\/b> dohodneme konkr\u00e9tn\u00ed stylizaci produktov\u00e9ho focen\u00ed, term\u00edn a tak\u00e9 cenu. V z\u00e1vislosti na charakteru fotografi\u00ed a mno\u017estv\u00ed se doba p\u0159ed\u00e1n\u00ed pohybuje od 1 do 4 t\u00fddn\u016f. Fin\u00e1ln\u00ed fotografie budou p\u0159ed\u00e1ny v elektronick\u00e9 podob\u011b prost\u0159ednictv\u00edm Cloudu.<\/p>\n<p>&nbsp;<\/p>\n","protected":false},"excerpt":{"rendered":"<p>Focen\u00ed PRODUKT\u016e za \u00fa\u010delem propagace na webu, katalogu, banneru apod. Fotit lze v ateli\u00e9ru, u klienta, \u010di v exteri\u00e9ru.&nbsp; &nbsp; &nbsp;Zeptejte se na INDIVIDU\u00c1LN\u00cd KALKULACI! Produkt ATELI\u00c9R Z\u00e1kladn\u00ed a minim\u00e1ln\u00ed sazba pro focen\u00ed v ateli\u00e9ru ( i kdy\u017e nap\u0159. klient po\u017eaduje nafotit pouze 10 fin\u00e1ln\u00edch fotografi\u00ed, jejich\u017e samostatn\u00e1 cena by byla nap\u0159. 1500K\u010d &#8211; 150\/fotografii). 2400,-K\u010d * &nbsp; Focen\u00ed produkt\u016f p\u0159\u00edmo v ateli\u00e9ru, v\u011bt\u0161inou bez \u00fa\u010dasti klienta dle p\u0159edem dohodnut\u00e9ho sc\u00e9n\u00e1\u0159e. Po p\u0159edchoz\u00ed dohod\u011b lze, aby u focen\u00ed asistoval klient, co\u017e m\u016f\u017ee l\u00e9pe naplnit jeho p\u0159edstavu o charakteru, p\u0159\u00edp. aran\u017em\u00e1 fotky. V cen\u011b je zapo\u010d\u00edt\u00e1no nastaven\u00ed sv\u011bteln\u00e9 techniky a aran\u017eov\u00e1n\u00ed&nbsp; sc\u00e9ny. &nbsp; Produkt KLIENT\/EXTERI\u00c9R Z\u00e1kladn\u00ed a minim\u00e1ln\u00ed sazba pro focen\u00ed u klienta, nebo v exteri\u00e9ru (pokud nap\u0159. klient po\u017eaduje nafotit pouze 10 fin\u00e1ln\u00edch fotografi\u00ed, jejich\u017e samostatn\u00e1 cena by byla nap\u0159. 2000K\u010d &#8211; 200\/fotografii). V cen\u011b ja zapo\u010d\u00edt\u00e1n p\u0159evoz a postaven\u00ed sv\u011bteln\u00e9 techniky a aran\u017eov\u00e1n\u00ed sc\u00e9ny. 2800,-K\u010d ** Cena za FIN\u00c1LN\u00cd FOTOGRAFII Cenu ur\u010duje charakter fotografovan\u00e9ho produktu, zp\u016fsob focen\u00ed\/aran\u017eov\u00e1n\u00ed , rozsah \u00faprav v postprodukci a \u00fa\u010del, pro kter\u00fd bude foto slou\u017eit. &nbsp;100-600,-K\u010d &nbsp; Jeliko\u017e jsou produktov\u00e9 fotografie velice specifick\u00fd druh fotografie, nelze dop\u0159edu ur\u010dit p\u0159esnou cenu. V\u017edy z\u00e1le\u017e\u00ed na n\u011bkolika faktorech (mno\u017estv\u00ed, velikost, pr\u016fhlednost, lesklost apod.). Fin\u00e1ln\u00ed cena bude ur\u010dena pro&#8230; \u010d\u00edst d\u00e1le &#8230;<\/p>\n","protected":false},"author":1,"featured_media":0,"parent":5377,"menu_order":0,"comment_status":"closed","ping_status":"closed","template":"","meta":{"ngg_post_thumbnail":0},"aioseo_notices":[],"_links":{"self":[{"href":"https:\/\/marekbogac.net\/index.php?rest_route=\/wp\/v2\/pages\/7249"}],"collection":[{"href":"https:\/\/marekbogac.net\/index.php?rest_route=\/wp\/v2\/pages"}],"about":[{"href":"https:\/\/marekbogac.net\/index.php?rest_route=\/wp\/v2\/types\/page"}],"author":[{"embeddable":true,"href":"https:\/\/marekbogac.net\/index.php?rest_route=\/wp\/v2\/users\/1"}],"replies":[{"embeddable":true,"href":"https:\/\/marekbogac.net\/index.php?rest_route=%2Fwp%2Fv2%2Fcomments&post=7249"}],"version-history":[{"count":12,"href":"https:\/\/marekbogac.net\/index.php?rest_route=\/wp\/v2\/pages\/7249\/revisions"}],"predecessor-version":[{"id":7251,"href":"https:\/\/marekbogac.net\/index.php?rest_route=\/wp\/v2\/pages\/7249\/revisions\/7251"}],"up":[{"embeddable":true,"href":"https:\/\/marekbogac.net\/index.php?rest_route=\/wp\/v2\/pages\/5377"}],"wp:attachment":[{"href":"https:\/\/marekbogac.net\/index.php?rest_route=%2Fwp%2Fv2%2Fmedia&parent=7249"}],"curies":[{"name":"wp","href":"https:\/\/api.w.org\/{rel}","templated":true}]}}